{"id":4983,"date":"2025-05-04T10:13:55","date_gmt":"2025-05-04T10:13:55","guid":{"rendered":"https:\/\/missioncamp.cz\/?page_id=4983"},"modified":"2025-05-04T12:33:13","modified_gmt":"2025-05-04T12:33:13","slug":"mission-lab","status":"publish","type":"page","link":"https:\/\/missioncamp.cz\/sk\/misijne-laboratorium\/","title":{"rendered":"Misia Lab"},"content":{"rendered":"<div data-elementor-type=\"wp-page\" data-elementor-id=\"4983\" class=\"elementor elementor-4983\" data-elementor-post-type=\"page\">\n\t\t\t\t<div class=\"elementor-element elementor-element-ac1a280 e-flex e-con-boxed e-con e-parent\" data-id=\"ac1a280\" data-element_type=\"container\" data-e-type=\"container\">\n\t\t\t\t\t<div class=\"e-con-inner\">\n\t\t<div class=\"elementor-element elementor-element-2bfbc2b e-con-full e-flex e-con e-child\" data-id=\"2bfbc2b\" data-element_type=\"container\" data-e-type=\"container\">\n\t\t\t\t<div class=\"elementor-element elementor-element-8726ccb elementor-widget elementor-widget-image\" data-id=\"8726ccb\" data-element_type=\"widget\" data-e-type=\"widget\" data-widget_type=\"image.default\">\n\t\t\t\t<div class=\"elementor-widget-container\">\n\t\t\t\t\t\t\t\t\t\t\t\t\t\t\t<img fetchpriority=\"high\" decoding=\"async\" width=\"724\" height=\"1024\" src=\"https:\/\/missioncamp.cz\/wp-content\/uploads\/2025\/05\/MC-mission-lab-ig-post-724x1024.jpg\" class=\"attachment-large size-large wp-image-4907\" alt=\"\" srcset=\"https:\/\/missioncamp.cz\/wp-content\/uploads\/2025\/05\/MC-mission-lab-ig-post-724x1024.jpg 724w, https:\/\/missioncamp.cz\/wp-content\/uploads\/2025\/05\/MC-mission-lab-ig-post-212x300.jpg 212w, https:\/\/missioncamp.cz\/wp-content\/uploads\/2025\/05\/MC-mission-lab-ig-post-768x1087.jpg 768w, https:\/\/missioncamp.cz\/wp-content\/uploads\/2025\/05\/MC-mission-lab-ig-post-1086x1536.jpg 1086w, https:\/\/missioncamp.cz\/wp-content\/uploads\/2025\/05\/MC-mission-lab-ig-post-1448x2048.jpg 1448w, https:\/\/missioncamp.cz\/wp-content\/uploads\/2025\/05\/MC-mission-lab-ig-post-8x12.jpg 8w, https:\/\/missioncamp.cz\/wp-content\/uploads\/2025\/05\/MC-mission-lab-ig-post-scaled.jpg 1809w\" sizes=\"(max-width: 724px) 100vw, 724px\" \/>\t\t\t\t\t\t\t\t\t\t\t\t\t\t\t<\/div>\n\t\t\t\t<\/div>\n\t\t\t\t<div class=\"elementor-element elementor-element-cd861a3 elementor-align-center elementor-mobile-align-center elementor-widget__width-initial elementor-widget elementor-widget-button\" data-id=\"cd861a3\" data-element_type=\"widget\" data-e-type=\"widget\" data-widget_type=\"button.default\">\n\t\t\t\t<div class=\"elementor-widget-container\">\n\t\t\t\t\t\t\t\t\t<div class=\"elementor-button-wrapper\">\n\t\t\t\t\t<a class=\"elementor-button elementor-button-link elementor-size-sm elementor-animation-grow\" href=\"https:\/\/forms.gle\/Tss2ucQeUriTKGqY7\" target=\"_blank\">\n\t\t\t\t\t\t<span class=\"elementor-button-content-wrapper\">\n\t\t\t\t\t\t\t\t\t<span class=\"elementor-button-text\">Prihl\u00e1si\u0165 sa<\/span>\n\t\t\t\t\t<\/span>\n\t\t\t\t\t<\/a>\n\t\t\t\t<\/div>\n\t\t\t\t\t\t\t\t<\/div>\n\t\t\t\t<\/div>\n\t\t\t\t<\/div>\n\t\t\t\t<div class=\"elementor-element elementor-element-3142152 elementor-widget elementor-widget-text-editor\" data-id=\"3142152\" data-element_type=\"widget\" data-e-type=\"widget\" data-widget_type=\"text-editor.default\">\n\t\t\t\t<div class=\"elementor-widget-container\">\n\t\t\t\t\t\t\t\t\t<p><b>\u010co je Mission Lab?<\/b><\/p><ul><li aria-level=\"1\"><span style=\"font-weight: 400;\">T\u00edmov\u00e1 v\u00fdzva (2-8 \u010dlenov) pre v\u0161etk\u00fdch, ktor\u00ed sa chc\u00fa podeli\u0165 o svoju vieru,<\/span><\/li><\/ul><ul><li aria-level=\"1\"><span style=\"font-weight: 400;\">Vytvorenie my\u0161lienky misie,<\/span><\/li><\/ul><ul><li aria-level=\"1\"><span style=\"font-weight: 400;\">3 v\u00ed\u0165azn\u00e9 projekty,<\/span><\/li><\/ul><ul><li style=\"font-weight: 400;\" aria-level=\"1\"><span style=\"font-weight: 400;\">finan\u010dn\u00fa podporu, mentoring a \u010fal\u0161ie v\u00fdhody.<\/span><\/li><\/ul><p>\u00a0<\/p><p><b>\u010co vytvor\u00edte?<\/b><\/p><ul><li style=\"font-weight: 400;\" aria-level=\"1\"><span style=\"font-weight: 400;\">Vid\u00edte vo svojom okol\u00ed neuspokojen\u00e9 potreby, na ktor\u00e9 m\u00f4\u017eete odpoveda\u0165?<\/span><\/li><li style=\"font-weight: 400;\" aria-level=\"1\"><span style=\"font-weight: 400;\">M\u00e1te vo svojej ml\u00e1de\u017ei\/rodine\/spolo\u010denstve dary, ktor\u00e9 by st\u00e1lo za to investova\u0165 pre P\u00e1na Boha?<\/span><\/li><li style=\"font-weight: 400;\" aria-level=\"1\"><span style=\"font-weight: 400;\">Chcete da\u0165 nov\u00fd \u017eivot u\u017e funguj\u00facej slu\u017ebe?<\/span><\/li><\/ul><p><span style=\"font-weight: 400;\">&gt;&gt; Vytvorte n\u00e1vrh na jednorazov\u00fa\/dlhodob\u00fa misijn\u00fa aktivitu! Kreativite sa medze neklad\u00fa \ud83d\ude00\u00a0<\/span><\/p>\t\t\t\t\t\t\t\t<\/div>\n\t\t\t\t<\/div>\n\t\t\t\t<div class=\"elementor-element elementor-element-041a76c elementor-widget elementor-widget-text-editor\" data-id=\"041a76c\" data-element_type=\"widget\" data-e-type=\"widget\" data-widget_type=\"text-editor.default\">\n\t\t\t\t<div class=\"elementor-widget-container\">\n\t\t\t\t\t\t\t\t\t<p><b>Ako to bude fungova\u0165?<\/b><\/p><ul><li aria-level=\"1\"><span style=\"font-weight: 400;\">Prihl\u00e1ste svoj t\u00edm (https:\/\/forms.gle\/Tss2ucQeUriTKGqY7) do 10. m\u00e1ja.<\/span><\/li><\/ul><ul><li aria-level=\"1\"><span style=\"font-weight: 400;\">Z\u00edskajte pokyny, projektov\u00fa dokument\u00e1ciu\u00a0<\/span><\/li><\/ul><ul><li style=\"list-style-type: none;\"><ul><li style=\"font-weight: 400;\" aria-level=\"1\"><span style=\"font-weight: 400;\">Prive\u010fte svoj t\u00edm na sobotu zdie\u013eania (vr\u00e1tane misijn\u00e9ho laborat\u00f3ria)\/ Stretnite sa na akomko\u013evek mieste a vytvorte<\/span><\/li><\/ul><\/li><\/ul><ul><li aria-level=\"1\"><span style=\"font-weight: 400;\">Svoj n\u00e1vrh predlo\u017ete do 17.5.\u00a0<\/span><\/li><\/ul><ul><li aria-level=\"1\"><span style=\"font-weight: 400;\">Vyhl\u00e1senie v\u00ed\u0165azn\u00fdch projektov 25.5.<\/span><\/li><\/ul><ul><li style=\"font-weight: 400;\" aria-level=\"1\"><span style=\"font-weight: 400;\">Uverejnenie va\u0161ich n\u00e1vrhov na str\u00e1nke <\/span><a href=\"https:\/\/missioncamp.cz\/sk\/\"><span style=\"font-weight: 400;\">missioncamp.cz<\/span><\/a><\/li><\/ul><p><span style=\"font-weight: 400;\">M\u00e1te nejak\u00e9 ot\u00e1zky? \u2192 nap\u00ed\u0161te n\u00e1m: <\/span><a href=\"mailto:info.missioncamp@gmail.com\"><span style=\"font-weight: 400;\">info.missioncamp@gmail.com<\/span><\/a><\/p>\t\t\t\t\t\t\t\t<\/div>\n\t\t\t\t<\/div>\n\t\t\t\t\t<\/div>\n\t\t\t\t<\/div>\n\t\t\t\t<\/div>","protected":false},"excerpt":{"rendered":"<p>P\u0159ihl\u00e1sit se Co je Mission Lab aka Misijn\u00ed laborato\u0159? T\u00fdmov\u00e1 v\u00fdzva (2\u20138 \u010dlen\u016f) pro v\u0161echny, kdo cht\u011bj\u00ed sd\u00edlet svou v\u00edru, tvorba misijn\u00edho n\u00e1padu, 3 v\u00edt\u011bzn\u00e9 projekty, finan\u010dn\u00ed podpora, mentoring a dal\u0161\u00ed benefity. \u00a0 Co budete tvo\u0159it? Vid\u00edte ve sv\u00e9m okol\u00ed nenapln\u011bnou pot\u0159ebu, na kterou dok\u00e1\u017eete odpov\u011bd\u011bt? M\u00e1te v ml\u00e1de\u017ei\/ rodin\u011b\/ spole\u010denstv\u00ed dary, kter\u00e9 by st\u00e1lo [&hellip;]<\/p>\n","protected":false},"author":3,"featured_media":0,"parent":0,"menu_order":0,"comment_status":"closed","ping_status":"closed","template":"","meta":{"footnotes":""},"class_list":["post-4983","page","type-page","status-publish","hentry"],"_links":{"self":[{"href":"https:\/\/missioncamp.cz\/sk\/wp-json\/wp\/v2\/pages\/4983","targetHints":{"allow":["GET"]}}],"collection":[{"href":"https:\/\/missioncamp.cz\/sk\/wp-json\/wp\/v2\/pages"}],"about":[{"href":"https:\/\/missioncamp.cz\/sk\/wp-json\/wp\/v2\/types\/page"}],"author":[{"embeddable":true,"href":"https:\/\/missioncamp.cz\/sk\/wp-json\/wp\/v2\/users\/3"}],"replies":[{"embeddable":true,"href":"https:\/\/missioncamp.cz\/sk\/wp-json\/wp\/v2\/comments?post=4983"}],"version-history":[{"count":34,"href":"https:\/\/missioncamp.cz\/sk\/wp-json\/wp\/v2\/pages\/4983\/revisions"}],"predecessor-version":[{"id":5035,"href":"https:\/\/missioncamp.cz\/sk\/wp-json\/wp\/v2\/pages\/4983\/revisions\/5035"}],"wp:attachment":[{"href":"https:\/\/missioncamp.cz\/sk\/wp-json\/wp\/v2\/media?parent=4983"}],"curies":[{"name":"wp","href":"https:\/\/api.w.org\/{rel}","templated":true}]}}